{"id":10,"date":"2026-01-26T17:24:03","date_gmt":"2026-01-26T17:24:03","guid":{"rendered":"https:\/\/tuvat.fi\/?page_id=10"},"modified":"2026-03-17T09:15:54","modified_gmt":"2026-03-17T09:15:54","slug":"sijaiskoti-tuvat-oy","status":"publish","type":"page","link":"https:\/\/tuvat.fi\/","title":{"rendered":"Sijaiskoti Tuvat Oy &#8211; Tervetuloa"},"content":{"rendered":"\t\t<div data-elementor-type=\"wp-page\" data-elementor-id=\"10\" class=\"elementor elementor-10\">\n\t\t\t\t<div class=\"elementor-element elementor-element-7f9e868e e-flex e-con-boxed e-con e-parent\" data-id=\"7f9e868e\" data-element_type=\"container\" data-e-type=\"container\" data-settings=\"{&quot;background_background&quot;:&quot;classic&quot;}\">\n\t\t\t\t\t<div class=\"e-con-inner\">\n\t\t\t\t<div class=\"elementor-element elementor-element-b3e2f31 elementor-widget elementor-widget-heading\" data-id=\"b3e2f31\" data-element_type=\"widget\" data-e-type=\"widget\" data-widget_type=\"heading.default\">\n\t\t\t\t\t<h2 class=\"elementor-heading-title elementor-size-default\"><h1>Sijaiskoti Tuvat Oy <\/h1><\/h2>\t\t\t\t<\/div>\n\t\t\t\t<div class=\"elementor-element elementor-element-522b084 elementor-widget elementor-widget-image\" data-id=\"522b084\" data-element_type=\"widget\" data-e-type=\"widget\" data-widget_type=\"image.default\">\n\t\t\t\t\t\t\t\t\t\t\t\t\t\t\t<img decoding=\"async\" width=\"1024\" height=\"43\" src=\"https:\/\/tuvat.fi\/wp-content\/uploads\/2026\/01\/Sijaiskoti-Tuvat-Oy-1024x43.png\" class=\"attachment-large size-large wp-image-22\" alt=\"Sijaiskoti-Tuvat-Oy\" srcset=\"https:\/\/tuvat.fi\/wp-content\/uploads\/2026\/01\/Sijaiskoti-Tuvat-Oy-1024x43.png 1024w, https:\/\/tuvat.fi\/wp-content\/uploads\/2026\/01\/Sijaiskoti-Tuvat-Oy-300x13.png 300w, https:\/\/tuvat.fi\/wp-content\/uploads\/2026\/01\/Sijaiskoti-Tuvat-Oy-768x32.png 768w, https:\/\/tuvat.fi\/wp-content\/uploads\/2026\/01\/Sijaiskoti-Tuvat-Oy.png 1536w\" sizes=\"(max-width: 1024px) 100vw, 1024px\" \/>\t\t\t\t\t\t\t\t\t\t\t\t\t\t\t<\/div>\n\t\t\t\t<div class=\"elementor-element elementor-element-169b190 elementor-widget elementor-widget-text-editor\" data-id=\"169b190\" data-element_type=\"widget\" data-e-type=\"widget\" data-widget_type=\"text-editor.default\">\n\t\t\t\t\t\t\t\t\t<p><span style=\"font-family: inherit; font-size: inherit; font-style: inherit; font-variant-ligatures: inherit; font-variant-caps: inherit; font-weight: inherit;\">Tarjoamme lastensuojelun sijaishuollon palveluita kahdessa yksik\u00f6ss\u00e4 Kuopiossa, Alavan Tuvalla ja Kettulan Tuvalla. Lis\u00e4ksi tarjoamme perhe- ja j\u00e4lkihuollon palveluita vahvalla ammattitaidolla.<\/span><\/p><p style=\"margin-block-end: 24px;\">Arvomme ovat nuorten ja perheen kunnioittaminen ja osallisuus, positiivisen hyv\u00e4n huomaaminen, arjen turvallisuus sek\u00e4 toivo parempaan.<\/p>\t\t\t\t\t\t\t\t<\/div>\n\t\t\t\t<div class=\"elementor-element elementor-element-0ee96df elementor-widget elementor-widget-button\" data-id=\"0ee96df\" data-element_type=\"widget\" data-e-type=\"widget\" data-widget_type=\"button.default\">\n\t\t\t\t\t\t\t\t\t\t<a class=\"elementor-button elementor-button-link elementor-size-sm\" href=\"https:\/\/tuvat.fi\/?page_id=111\">\n\t\t\t\t\t\t<span class=\"elementor-button-content-wrapper\">\n\t\t\t\t\t\t\t\t\t<span class=\"elementor-button-text\">Tervetuloa tutustumaan Alavan Tuvalle<\/span>\n\t\t\t\t\t<\/span>\n\t\t\t\t\t<\/a>\n\t\t\t\t\t\t\t\t<\/div>\n\t\t\t\t<div class=\"elementor-element elementor-element-fcca449 elementor-widget elementor-widget-button\" data-id=\"fcca449\" data-element_type=\"widget\" data-e-type=\"widget\" data-widget_type=\"button.default\">\n\t\t\t\t\t\t\t\t\t\t<a class=\"elementor-button elementor-button-link elementor-size-sm\" href=\"https:\/\/tuvat.fi\/?page_id=103\">\n\t\t\t\t\t\t<span class=\"elementor-button-content-wrapper\">\n\t\t\t\t\t\t\t\t\t<span class=\"elementor-button-text\">Tervetuloa tutustumaan Kettulan Tuvalle<\/span>\n\t\t\t\t\t<\/span>\n\t\t\t\t\t<\/a>\n\t\t\t\t\t\t\t\t<\/div>\n\t\t\t\t\t<\/div>\n\t\t\t\t<\/div>\n\t\t<div class=\"elementor-element elementor-element-c136477 e-flex e-con-boxed e-con e-parent\" data-id=\"c136477\" data-element_type=\"container\" data-e-type=\"container\">\n\t\t\t\t\t<div class=\"e-con-inner\">\n\t\t<div class=\"elementor-element elementor-element-06295ad e-con-full e-flex e-con e-child\" data-id=\"06295ad\" data-element_type=\"container\" data-e-type=\"container\">\n\t\t\t\t<div class=\"elementor-element elementor-element-b75dcae elementor-view-stacked elementor-shape-circle elementor-widget elementor-widget-icon\" data-id=\"b75dcae\" data-element_type=\"widget\" data-e-type=\"widget\" data-widget_type=\"icon.default\">\n\t\t\t\t\t\t\t<div class=\"elementor-icon-wrapper\">\n\t\t\t<div class=\"elementor-icon\">\n\t\t\t<svg aria-hidden=\"true\" class=\"e-font-icon-svg e-fas-running\" viewBox=\"0 0 416 512\" xmlns=\"http:\/\/www.w3.org\/2000\/svg\"><path d=\"M272 96c26.51 0 48-21.49 48-48S298.51 0 272 0s-48 21.49-48 48 21.49 48 48 48zM113.69 317.47l-14.8 34.52H32c-17.67 0-32 14.33-32 32s14.33 32 32 32h77.45c19.25 0 36.58-11.44 44.11-29.09l8.79-20.52-10.67-6.3c-17.32-10.23-30.06-25.37-37.99-42.61zM384 223.99h-44.03l-26.06-53.25c-12.5-25.55-35.45-44.23-61.78-50.94l-71.08-21.14c-28.3-6.8-57.77-.55-80.84 17.14l-39.67 30.41c-14.03 10.75-16.69 30.83-5.92 44.86s30.84 16.66 44.86 5.92l39.69-30.41c7.67-5.89 17.44-8 25.27-6.14l14.7 4.37-37.46 87.39c-12.62 29.48-1.31 64.01 26.3 80.31l84.98 50.17-27.47 87.73c-5.28 16.86 4.11 34.81 20.97 40.09 3.19 1 6.41 1.48 9.58 1.48 13.61 0 26.23-8.77 30.52-22.45l31.64-101.06c5.91-20.77-2.89-43.08-21.64-54.39l-61.24-36.14 31.31-78.28 20.27 41.43c8 16.34 24.92 26.89 43.11 26.89H384c17.67 0 32-14.33 32-32s-14.33-31.99-32-31.99z\"><\/path><\/svg>\t\t\t<\/div>\n\t\t<\/div>\n\t\t\t\t\t\t<\/div>\n\t\t\t\t<div class=\"elementor-element elementor-element-edc8a96 elementor-widget elementor-widget-heading\" data-id=\"edc8a96\" data-element_type=\"widget\" data-e-type=\"widget\" data-widget_type=\"heading.default\">\n\t\t\t\t\t<h2 class=\"elementor-heading-title elementor-size-default\">Harrastukset<\/h2>\t\t\t\t<\/div>\n\t\t\t\t<div class=\"elementor-element elementor-element-6c4ed6e elementor-widget elementor-widget-text-editor\" data-id=\"6c4ed6e\" data-element_type=\"widget\" data-e-type=\"widget\" data-widget_type=\"text-editor.default\">\n\t\t\t\t\t\t\t\t\t<p>Lapsille ja nuorille mahdollistetaan mieleisen harrastuksen l\u00f6yt\u00e4minen ja yhdess\u00e4 etsit\u00e4\u00e4n uusia taitoja ja el\u00e4myksi\u00e4. Tuetaan my\u00f6s jo olemassa olevaa harrastusta. Lapsilla ja nuorilla sek\u00e4 henkil\u00f6kunnalla on k\u00e4yt\u00f6ss\u00e4\u00e4n useita yhteisty\u00f6kumppaneiden harraste- ja liikuntapalveluita.<\/p>\t\t\t\t\t\t\t\t<\/div>\n\t\t\t\t<\/div>\n\t\t<div class=\"elementor-element elementor-element-7ee53d5 e-con-full e-flex e-con e-child\" data-id=\"7ee53d5\" data-element_type=\"container\" data-e-type=\"container\">\n\t\t\t\t<div class=\"elementor-element elementor-element-badc374 elementor-view-stacked elementor-shape-circle elementor-widget elementor-widget-icon\" data-id=\"badc374\" data-element_type=\"widget\" data-e-type=\"widget\" data-widget_type=\"icon.default\">\n\t\t\t\t\t\t\t<div class=\"elementor-icon-wrapper\">\n\t\t\t<div class=\"elementor-icon\">\n\t\t\t<svg aria-hidden=\"true\" class=\"e-font-icon-svg e-fas-book-open\" viewBox=\"0 0 576 512\" xmlns=\"http:\/\/www.w3.org\/2000\/svg\"><path d=\"M542.22 32.05c-54.8 3.11-163.72 14.43-230.96 55.59-4.64 2.84-7.27 7.89-7.27 13.17v363.87c0 11.55 12.63 18.85 23.28 13.49 69.18-34.82 169.23-44.32 218.7-46.92 16.89-.89 30.02-14.43 30.02-30.66V62.75c.01-17.71-15.35-31.74-33.77-30.7zM264.73 87.64C197.5 46.48 88.58 35.17 33.78 32.05 15.36 31.01 0 45.04 0 62.75V400.6c0 16.24 13.13 29.78 30.02 30.66 49.49 2.6 149.59 12.11 218.77 46.95 10.62 5.35 23.21-1.94 23.21-13.46V100.63c0-5.29-2.62-10.14-7.27-12.99z\"><\/path><\/svg>\t\t\t<\/div>\n\t\t<\/div>\n\t\t\t\t\t\t<\/div>\n\t\t\t\t<div class=\"elementor-element elementor-element-8465b26 elementor-widget elementor-widget-heading\" data-id=\"8465b26\" data-element_type=\"widget\" data-e-type=\"widget\" data-widget_type=\"heading.default\">\n\t\t\t\t\t<h2 class=\"elementor-heading-title elementor-size-default\">Koulunk\u00e4ynti<\/h2>\t\t\t\t<\/div>\n\t\t\t\t<div class=\"elementor-element elementor-element-6c1c4a8 elementor-widget elementor-widget-text-editor\" data-id=\"6c1c4a8\" data-element_type=\"widget\" data-e-type=\"widget\" data-widget_type=\"text-editor.default\">\n\t\t\t\t\t\t\t\t\t<p>Koulunk\u00e4ynti j\u00e4rjestet\u00e4\u00e4n alueen l\u00e4hikoulujen kanssa yhteisty\u00f6ss\u00e4. Yhteydenpito koulun kanssa on s\u00e4\u00e4nn\u00f6llist\u00e4. Toisen asteen opiskelu j\u00e4rjestet\u00e4\u00e4n alueen ammatillisissa oppilaitoksissa tai lukioissa. Lapsia ja nuoria tuetaan arjessa koulunk\u00e4yntiin.<\/p>\t\t\t\t\t\t\t\t<\/div>\n\t\t\t\t<\/div>\n\t\t<div class=\"elementor-element elementor-element-6e29697 e-con-full e-flex e-con e-child\" data-id=\"6e29697\" data-element_type=\"container\" data-e-type=\"container\">\n\t\t\t\t<div class=\"elementor-element elementor-element-f703823 elementor-view-stacked elementor-shape-circle elementor-widget elementor-widget-icon\" data-id=\"f703823\" data-element_type=\"widget\" data-e-type=\"widget\" data-widget_type=\"icon.default\">\n\t\t\t\t\t\t\t<div class=\"elementor-icon-wrapper\">\n\t\t\t<div class=\"elementor-icon\">\n\t\t\t<i aria-hidden=\"true\" class=\"material-icons md-weekend\"><\/i>\t\t\t<\/div>\n\t\t<\/div>\n\t\t\t\t\t\t<\/div>\n\t\t\t\t<div class=\"elementor-element elementor-element-23d1241 elementor-widget elementor-widget-heading\" data-id=\"23d1241\" data-element_type=\"widget\" data-e-type=\"widget\" data-widget_type=\"heading.default\">\n\t\t\t\t\t<h2 class=\"elementor-heading-title elementor-size-default\">Arki ja viikonloput<\/h2>\t\t\t\t<\/div>\n\t\t\t\t<div class=\"elementor-element elementor-element-f106d9c elementor-widget elementor-widget-text-editor\" data-id=\"f106d9c\" data-element_type=\"widget\" data-e-type=\"widget\" data-widget_type=\"text-editor.default\">\n\t\t\t\t\t\t\t\t\t<p>Tuvalla turvataan lasten ja nuorten arki rakentamalla se mahdollisimman s\u00e4\u00e4nn\u00f6lliseksi. Perusarkeen kuuluu s\u00e4\u00e4nn\u00f6lliset ruokailut, vuorokausirytmi ja koulunk\u00e4ynti sovitusti. Viikonloppuina on mahdollista k\u00e4yd\u00e4 omaohjaajan kanssa harrastamassa tai asioimassa. Koulujen loma-aikoina toteutetaan toiveiden mukaista tekemist\u00e4.<\/p>\t\t\t\t\t\t\t\t<\/div>\n\t\t\t\t<\/div>\n\t\t\t\t\t<\/div>\n\t\t\t\t<\/div>\n\t\t<div class=\"elementor-element elementor-element-033cc97 e-flex e-con-boxed e-con e-parent\" data-id=\"033cc97\" data-element_type=\"container\" data-e-type=\"container\">\n\t\t\t\t\t<div class=\"e-con-inner\">\n\t\t<div class=\"elementor-element elementor-element-a226ec8 e-con-full e-flex e-con e-child\" data-id=\"a226ec8\" data-element_type=\"container\" data-e-type=\"container\">\n\t\t\t\t<div class=\"elementor-element elementor-element-e245108 elementor-view-stacked elementor-shape-circle elementor-widget elementor-widget-icon\" data-id=\"e245108\" data-element_type=\"widget\" data-e-type=\"widget\" data-widget_type=\"icon.default\">\n\t\t\t\t\t\t\t<div class=\"elementor-icon-wrapper\">\n\t\t\t<div class=\"elementor-icon\">\n\t\t\t<i aria-hidden=\"true\" class=\"phl phlight-cube-transparent\"><\/i>\t\t\t<\/div>\n\t\t<\/div>\n\t\t\t\t\t\t<\/div>\n\t\t\t\t<div class=\"elementor-element elementor-element-65eaa94 elementor-widget elementor-widget-heading\" data-id=\"65eaa94\" data-element_type=\"widget\" data-e-type=\"widget\" data-widget_type=\"heading.default\">\n\t\t\t\t\t<h2 class=\"elementor-heading-title elementor-size-default\">Moniammatillinen yhteisty\u00f6<\/h2>\t\t\t\t<\/div>\n\t\t\t\t<div class=\"elementor-element elementor-element-9f12414 elementor-widget elementor-widget-text-editor\" data-id=\"9f12414\" data-element_type=\"widget\" data-e-type=\"widget\" data-widget_type=\"text-editor.default\">\n\t\t\t\t\t\t\t\t\t<p>Yhdist\u00e4mme eri alojen ammattilaisia tukemaan lasten ja nuorten hyvinvointia, kasvua ja kehityst\u00e4 yksil\u00f6llisesti ja kokonaisvaltaisesti. Ty\u00f6yhteis\u00f6n moniammatilliseen osaamiseen kuuluu kokemusta nepsy-ty\u00f6skentelyst\u00e4, psykiatrisesta hoitoty\u00f6st\u00e4 ja erilaisesta harrasteosaamisesta.<\/p>\t\t\t\t\t\t\t\t<\/div>\n\t\t\t\t<\/div>\n\t\t<div class=\"elementor-element elementor-element-48cc07d e-con-full e-flex e-con e-child\" data-id=\"48cc07d\" data-element_type=\"container\" data-e-type=\"container\">\n\t\t\t\t<div class=\"elementor-element elementor-element-7f1f5e2 elementor-view-stacked elementor-shape-circle elementor-widget elementor-widget-icon\" data-id=\"7f1f5e2\" data-element_type=\"widget\" data-e-type=\"widget\" data-widget_type=\"icon.default\">\n\t\t\t\t\t\t\t<div class=\"elementor-icon-wrapper\">\n\t\t\t<div class=\"elementor-icon\">\n\t\t\t<svg aria-hidden=\"true\" class=\"e-font-icon-svg e-fas-hand-holding-heart\" viewBox=\"0 0 576 512\" xmlns=\"http:\/\/www.w3.org\/2000\/svg\"><path d=\"M275.3 250.5c7 7.4 18.4 7.4 25.5 0l108.9-114.2c31.6-33.2 29.8-88.2-5.6-118.8-30.8-26.7-76.7-21.9-104.9 7.7L288 36.9l-11.1-11.6C248.7-4.4 202.8-9.2 172 17.5c-35.3 30.6-37.2 85.6-5.6 118.8l108.9 114.2zm290 77.6c-11.8-10.7-30.2-10-42.6 0L430.3 402c-11.3 9.1-25.4 14-40 14H272c-8.8 0-16-7.2-16-16s7.2-16 16-16h78.3c15.9 0 30.7-10.9 33.3-26.6 3.3-20-12.1-37.4-31.6-37.4H192c-27 0-53.1 9.3-74.1 26.3L71.4 384H16c-8.8 0-16 7.2-16 16v96c0 8.8 7.2 16 16 16h356.8c14.5 0 28.6-4.9 40-14L564 377c15.2-12.1 16.4-35.3 1.3-48.9z\"><\/path><\/svg>\t\t\t<\/div>\n\t\t<\/div>\n\t\t\t\t\t\t<\/div>\n\t\t\t\t<div class=\"elementor-element elementor-element-16b6d44 elementor-widget elementor-widget-heading\" data-id=\"16b6d44\" data-element_type=\"widget\" data-e-type=\"widget\" data-widget_type=\"heading.default\">\n\t\t\t\t\t<h2 class=\"elementor-heading-title elementor-size-default\">Hoivaa empaattisella otteella<\/h2>\t\t\t\t<\/div>\n\t\t\t\t<div class=\"elementor-element elementor-element-a5159e0 elementor-widget elementor-widget-text-editor\" data-id=\"a5159e0\" data-element_type=\"widget\" data-e-type=\"widget\" data-widget_type=\"text-editor.default\">\n\t\t\t\t\t\t\t\t\t<p>Tarjoamme lapsille ja nuorille turvallisen ymp\u00e4rist\u00f6n, jossa heit\u00e4 kuunnellaan, ymm\u00e4rret\u00e4\u00e4n ja tuetaan yksil\u00f6llisesti. Lapsen ja nuoren osallisuutta mahdollistetaan s\u00e4\u00e4nn\u00f6llisill\u00e4 yhteis\u00f6palavereilla, joissa nuoret voivat tuoda esille toiveita tai kehitt\u00e4misehdotuksia.<\/p>\t\t\t\t\t\t\t\t<\/div>\n\t\t\t\t<\/div>\n\t\t<div class=\"elementor-element elementor-element-dde47ce e-con-full e-flex e-con e-child\" data-id=\"dde47ce\" data-element_type=\"container\" data-e-type=\"container\">\n\t\t\t\t<div class=\"elementor-element elementor-element-db980a4 elementor-view-stacked elementor-shape-circle elementor-widget elementor-widget-icon\" data-id=\"db980a4\" data-element_type=\"widget\" data-e-type=\"widget\" data-widget_type=\"icon.default\">\n\t\t\t\t\t\t\t<div class=\"elementor-icon-wrapper\">\n\t\t\t<div class=\"elementor-icon\">\n\t\t\t<svg aria-hidden=\"true\" class=\"e-font-icon-svg e-fas-leaf\" viewBox=\"0 0 576 512\" xmlns=\"http:\/\/www.w3.org\/2000\/svg\"><path d=\"M546.2 9.7c-5.6-12.5-21.6-13-28.3-1.2C486.9 62.4 431.4 96 368 96h-80C182 96 96 182 96 288c0 7 .8 13.7 1.5 20.5C161.3 262.8 253.4 224 384 224c8.8 0 16 7.2 16 16s-7.2 16-16 16C132.6 256 26 410.1 2.4 468c-6.6 16.3 1.2 34.9 17.5 41.6 16.4 6.8 35-1.1 41.8-17.3 1.5-3.6 20.9-47.9 71.9-90.6 32.4 43.9 94 85.8 174.9 77.2C465.5 467.5 576 326.7 576 154.3c0-50.2-10.8-102.2-29.8-144.6z\"><\/path><\/svg>\t\t\t<\/div>\n\t\t<\/div>\n\t\t\t\t\t\t<\/div>\n\t\t\t\t<div class=\"elementor-element elementor-element-9b4a903 elementor-widget elementor-widget-heading\" data-id=\"9b4a903\" data-element_type=\"widget\" data-e-type=\"widget\" data-widget_type=\"heading.default\">\n\t\t\t\t\t<h2 class=\"elementor-heading-title elementor-size-default\">Mahtavat edellytykset ulkoilulle<\/h2>\t\t\t\t<\/div>\n\t\t\t\t<div class=\"elementor-element elementor-element-f329a46 elementor-widget elementor-widget-text-editor\" data-id=\"f329a46\" data-element_type=\"widget\" data-e-type=\"widget\" data-widget_type=\"text-editor.default\">\n\t\t\t\t\t\t\t\t\t<p>Kumpikin yksikk\u00f6 sijaitsee luonnon kauniissa milj\u00f6\u00f6ss\u00e4 ja l\u00e4hist\u00f6lt\u00e4 l\u00f6ytyy hyv\u00e4t ulkoilumahdollisuudet. Lapsilla ja nuorilla on mahdollisuus liikkua, leikki\u00e4 ja nauttia luonnosta turvallisessa ymp\u00e4rist\u00f6ss\u00e4. Luonto ja ymp\u00e4rist\u00f6 tarjoavat mahdollisuuden rauhoittumiseen.<\/p>\t\t\t\t\t\t\t\t<\/div>\n\t\t\t\t<\/div>\n\t\t\t\t\t<\/div>\n\t\t\t\t<\/div>\n\t\t<div class=\"elementor-element elementor-element-32e3183 e-flex e-con-boxed e-con e-parent\" data-id=\"32e3183\" data-element_type=\"container\" data-e-type=\"container\">\n\t\t\t\t\t<div class=\"e-con-inner\">\n\t\t<div class=\"elementor-element elementor-element-81ee980 e-con-full e-flex e-con e-child\" data-id=\"81ee980\" data-element_type=\"container\" data-e-type=\"container\">\n\t\t\t\t<div class=\"elementor-element elementor-element-1b44fa4 elementor-widget elementor-widget-heading\" data-id=\"1b44fa4\" data-element_type=\"widget\" data-e-type=\"widget\" data-widget_type=\"heading.default\">\n\t\t\t\t\t<h4 class=\"elementor-heading-title elementor-size-default\">Sijaiskoti Tuvat Oy <\/h4>\t\t\t\t<\/div>\n\t\t\t\t<div class=\"elementor-element elementor-element-bc465a2 elementor-widget elementor-widget-text-editor\" data-id=\"bc465a2\" data-element_type=\"widget\" data-e-type=\"widget\" data-widget_type=\"text-editor.default\">\n\t\t\t\t\t\t\t\t\t<p>Johtaja Merja Huttunen<br \/>Operatiivinen johto ja hallinto<br \/>P. 050 359 4322<br \/><a href=\"mailto:merja.huttunen@tuvat.fi\">merja.huttunen@tuvat.fi<\/a><br \/>Kaartokatu 7A, 70620 Kuopio<\/p>\t\t\t\t\t\t\t\t<\/div>\n\t\t\t\t<\/div>\n\t\t<div class=\"elementor-element elementor-element-473307c e-con-full e-flex e-con e-child\" data-id=\"473307c\" data-element_type=\"container\" data-e-type=\"container\">\n\t\t\t\t<div class=\"elementor-element elementor-element-e96d28f elementor-widget elementor-widget-heading\" data-id=\"e96d28f\" data-element_type=\"widget\" data-e-type=\"widget\" data-widget_type=\"heading.default\">\n\t\t\t\t\t<h4 class=\"elementor-heading-title elementor-size-default\">Alavan Tupa<\/h4>\t\t\t\t<\/div>\n\t\t\t\t<div class=\"elementor-element elementor-element-acc4b06 elementor-widget elementor-widget-text-editor\" data-id=\"acc4b06\" data-element_type=\"widget\" data-e-type=\"widget\" data-widget_type=\"text-editor.default\">\n\t\t\t\t\t\t\t\t\t<p class=\"xmsonormal\"><span style=\"font-family: 'Aptos',sans-serif;\">Yksik\u00f6n vastaava <br \/>Mika Hirvonen p. 044 245 7764<br \/><\/span><span style=\"font-family: 'Aptos',sans-serif;\">Ohjaajat p. 044 245 7763<br \/><\/span><span style=\"font-family: 'Aptos',sans-serif;\"><a href=\"mailto:alavanohjaajat@tuvat.fi\">alavanohjaajat@tuvat.fi<\/a><br \/><\/span>Kaartokatu 7A, 70620 Kuopio<\/p>\t\t\t\t\t\t\t\t<\/div>\n\t\t\t\t<\/div>\n\t\t<div class=\"elementor-element elementor-element-7aeb652 e-con-full e-flex e-con e-child\" data-id=\"7aeb652\" data-element_type=\"container\" data-e-type=\"container\">\n\t\t\t\t<div class=\"elementor-element elementor-element-42448d0 elementor-widget elementor-widget-heading\" data-id=\"42448d0\" data-element_type=\"widget\" data-e-type=\"widget\" data-widget_type=\"heading.default\">\n\t\t\t\t\t<h4 class=\"elementor-heading-title elementor-size-default\">Kettulan Tupa<\/h4>\t\t\t\t<\/div>\n\t\t\t\t<div class=\"elementor-element elementor-element-bbf9dc2 elementor-widget elementor-widget-text-editor\" data-id=\"bbf9dc2\" data-element_type=\"widget\" data-e-type=\"widget\" data-widget_type=\"text-editor.default\">\n\t\t\t\t\t\t\t\t\t<p><span style=\"font-family: 'Aptos',sans-serif;\">Yksik\u00f6n vastaava <br \/>Jaana Nissinen p.<\/span><span style=\"font-family: 'Aptos',sans-serif;\">\u00a0044 491 5759<br \/><\/span><span style=\"font-family: 'Aptos',sans-serif;\">Ohjaajat p. 040 618 4498<br \/><\/span><span style=\"font-family: 'Aptos',sans-serif;\"><a href=\"mailto:ohjaajat@tuvat.fi\">kettulanohjaajat@tuvat.fi<\/a><br \/><\/span>Kettulanlahdentie 41, 70400 Kuopio<\/p>\t\t\t\t\t\t\t\t<\/div>\n\t\t\t\t<\/div>\n\t\t\t\t\t<\/div>\n\t\t\t\t<\/div>\n\t\t\t\t<\/div>\n\t\t","protected":false},"excerpt":{"rendered":"<p>Sijaiskoti Tuvat Oy Tarjoamme lastensuojelun sijaishuollon palveluita kahdessa yksik\u00f6ss\u00e4 Kuopiossa, Alavan Tuvalla ja Kettulan Tuvalla. Lis\u00e4ksi tarjoamme perhe- ja j\u00e4lkihuollon palveluita vahvalla ammattitaidolla. Arvomme ovat nuorten ja perheen kunnioittaminen ja osallisuus, positiivisen hyv\u00e4n huomaaminen, arjen turvallisuus sek\u00e4 toivo parempaan. Tervetuloa tutustumaan Alavan Tuvalle Tervetuloa tutustumaan Kettulan Tuvalle Harrastukset Lapsille ja nuorille mahdollistetaan mieleisen harrastuksen l\u00f6yt\u00e4minen [&hellip;]<\/p>\n","protected":false},"author":1,"featured_media":0,"parent":0,"menu_order":0,"comment_status":"closed","ping_status":"closed","template":"","meta":{"footnotes":""},"class_list":["post-10","page","type-page","status-publish","hentry"],"blocksy_meta":{"has_hero_section":"disabled","styles_descriptor":{"styles":{"desktop":"","tablet":"","mobile":""},"google_fonts":[],"version":6},"content_style_source":"inherit"},"_links":{"self":[{"href":"https:\/\/tuvat.fi\/index.php?rest_route=\/wp\/v2\/pages\/10","targetHints":{"allow":["GET"]}}],"collection":[{"href":"https:\/\/tuvat.fi\/index.php?rest_route=\/wp\/v2\/pages"}],"about":[{"href":"https:\/\/tuvat.fi\/index.php?rest_route=\/wp\/v2\/types\/page"}],"author":[{"embeddable":true,"href":"https:\/\/tuvat.fi\/index.php?rest_route=\/wp\/v2\/users\/1"}],"replies":[{"embeddable":true,"href":"https:\/\/tuvat.fi\/index.php?rest_route=%2Fwp%2Fv2%2Fcomments&post=10"}],"version-history":[{"count":106,"href":"https:\/\/tuvat.fi\/index.php?rest_route=\/wp\/v2\/pages\/10\/revisions"}],"predecessor-version":[{"id":273,"href":"https:\/\/tuvat.fi\/index.php?rest_route=\/wp\/v2\/pages\/10\/revisions\/273"}],"wp:attachment":[{"href":"https:\/\/tuvat.fi\/index.php?rest_route=%2Fwp%2Fv2%2Fmedia&parent=10"}],"curies":[{"name":"wp","href":"https:\/\/api.w.org\/{rel}","templated":true}]}}