{"id":111,"date":"2026-02-12T11:59:15","date_gmt":"2026-02-12T11:59:15","guid":{"rendered":"https:\/\/tuvat.fi\/?page_id=111"},"modified":"2026-03-05T09:00:58","modified_gmt":"2026-03-05T09:00:58","slug":"sijaiskoti-tuvat-oy-alavan-tupa","status":"publish","type":"page","link":"https:\/\/tuvat.fi\/?page_id=111","title":{"rendered":"Sijaiskoti Tuvat Oy &#8211; Alavan tupa"},"content":{"rendered":"\t\t<div data-elementor-type=\"wp-page\" data-elementor-id=\"111\" class=\"elementor elementor-111\">\n\t\t\t\t<div class=\"elementor-element elementor-element-7f9e868e e-con-full e-flex e-con e-parent\" data-id=\"7f9e868e\" data-element_type=\"container\" data-e-type=\"container\" data-settings=\"{&quot;background_background&quot;:&quot;classic&quot;}\">\n\t\t\t\t<div class=\"elementor-element elementor-element-b8a4543 elementor-widget elementor-widget-image\" data-id=\"b8a4543\" data-element_type=\"widget\" data-e-type=\"widget\" data-widget_type=\"image.default\">\n\t\t\t\t\t\t\t\t\t\t\t\t\t\t\t<img fetchpriority=\"high\" decoding=\"async\" width=\"768\" height=\"1024\" src=\"https:\/\/tuvat.fi\/wp-content\/uploads\/2026\/03\/IMG_8720-768x1024.jpeg\" class=\"attachment-large size-large wp-image-223\" alt=\"\" srcset=\"https:\/\/tuvat.fi\/wp-content\/uploads\/2026\/03\/IMG_8720-768x1024.jpeg 768w, https:\/\/tuvat.fi\/wp-content\/uploads\/2026\/03\/IMG_8720-225x300.jpeg 225w, https:\/\/tuvat.fi\/wp-content\/uploads\/2026\/03\/IMG_8720.jpeg 791w\" sizes=\"(max-width: 768px) 100vw, 768px\" \/>\t\t\t\t\t\t\t\t\t\t\t\t\t\t\t<\/div>\n\t\t\t\t<div class=\"elementor-element elementor-element-1276e4d elementor-widget elementor-widget-heading\" data-id=\"1276e4d\" data-element_type=\"widget\" data-e-type=\"widget\" data-widget_type=\"heading.default\">\n\t\t\t\t\t<h2 class=\"elementor-heading-title elementor-size-default\">Alavan Tupa<\/h2>\t\t\t\t<\/div>\n\t\t\t\t<div class=\"elementor-element elementor-element-522b084 elementor-widget elementor-widget-image\" data-id=\"522b084\" data-element_type=\"widget\" data-e-type=\"widget\" data-widget_type=\"image.default\">\n\t\t\t\t\t\t\t\t\t\t\t\t\t\t\t<img decoding=\"async\" width=\"1024\" height=\"43\" src=\"https:\/\/tuvat.fi\/wp-content\/uploads\/2026\/01\/Sijaiskoti-Tuvat-Oy-1024x43.png\" class=\"attachment-large size-large wp-image-22\" alt=\"Sijaiskoti-Tuvat-Oy\" srcset=\"https:\/\/tuvat.fi\/wp-content\/uploads\/2026\/01\/Sijaiskoti-Tuvat-Oy-1024x43.png 1024w, https:\/\/tuvat.fi\/wp-content\/uploads\/2026\/01\/Sijaiskoti-Tuvat-Oy-300x13.png 300w, https:\/\/tuvat.fi\/wp-content\/uploads\/2026\/01\/Sijaiskoti-Tuvat-Oy-768x32.png 768w, https:\/\/tuvat.fi\/wp-content\/uploads\/2026\/01\/Sijaiskoti-Tuvat-Oy.png 1536w\" sizes=\"(max-width: 1024px) 100vw, 1024px\" \/>\t\t\t\t\t\t\t\t\t\t\t\t\t\t\t<\/div>\n\t\t\t\t<div class=\"elementor-element elementor-element-169b190 elementor-widget elementor-widget-text-editor\" data-id=\"169b190\" data-element_type=\"widget\" data-e-type=\"widget\" data-widget_type=\"text-editor.default\">\n\t\t\t\t\t\t\t\t\t<div class=\"\" data-block=\"true\" data-editor=\"7s4jg\" data-offset-key=\"9nkaq-0-0\">\u00a0<\/div><p>Alavan Tupa on 7-paikkainen sijaishuollon yksikk\u00f6 7-17 vuotiaille lapsille ja nuorille. Toimitilana meill\u00e4 toimii historiallinen ja suojeltu Alavan sairaalan l\u00e4\u00e4k\u00e4riperheen kodinomainen virka-asunto, Alavan sairaalan tontilla. Meill\u00e4 on oma piha, jossa voi vaikka pomppia trampalla tai grillailla kes\u00e4isin maisematerassilla ilta-auringon paisteessa.<\/p><p>\u00a0<\/p><p>Alavan Tupa on Kuopion keskustan v\u00e4litt\u00f6m\u00e4ss\u00e4 l\u00e4heisyydess\u00e4 ja k\u00e4velymatkan p\u00e4\u00e4ss\u00e4 monista palveluista ja kulkuyhteyksist\u00e4. L\u00e4hiymp\u00e4rist\u00f6st\u00e4 l\u00f6ytyy monia liikunta- ja harrastemahdollisuuksia sek\u00e4 ulkoiluun sopivaa touhua laidasta laitaan. L\u00e4heisen Valkeisenlammen ulkoilualue tarjoaa upeat puitteet ja silm\u00e4nruokaa l\u00e4pi vuoden. L\u00e4hikouluina toimii Kuopion kaupungin alakouluna muutaman sadan metrin p\u00e4\u00e4ss\u00e4 oleva Haapaniemen koulu, ja yl\u00e4kouluna kuuluisan kuopiolaisen merkkihenkil\u00f6n mukaan nimetty Minna Canthin koulu, joka muuttaa my\u00f6hemmin uusiin tiloihin aivan Alavan Tupaa vastap\u00e4\u00e4t\u00e4 kadun toiselle puolelle.<\/p><p>\u00a0<\/p><p>Tarjoamme lasten ja nuorten el\u00e4m\u00e4n matkalle hoivaa ja huolenpitoa empaattisella otteella. Tuemme heid\u00e4n vahvuuksia ja etsimme yhdess\u00e4 uusia toimintamalleja el\u00e4m\u00e4npolulle sek\u00e4 rohkaisemme kohtaamaan uutta. Yksik\u00f6ss\u00e4 on moniammatillinen ty\u00f6ryhm\u00e4, jolla on kokemusta psykiatrisesta hoitoty\u00f6st\u00e4, mielenterveysty\u00f6st\u00e4, lastensuojelusta sek\u00e4 sosiaalihuollosta. Henkil\u00f6kuntaa on paikalla p\u00e4ivisin ja iltaisin sek\u00e4 \u00f6isin.<\/p>\t\t\t\t\t\t\t\t<\/div>\n\t\t\t\t<div class=\"elementor-element elementor-element-cb9c348 elementor-arrows-position-inside elementor-pagination-position-outside elementor-widget elementor-widget-image-carousel\" data-id=\"cb9c348\" data-element_type=\"widget\" data-e-type=\"widget\" data-settings=\"{&quot;navigation&quot;:&quot;both&quot;,&quot;autoplay&quot;:&quot;yes&quot;,&quot;pause_on_hover&quot;:&quot;yes&quot;,&quot;pause_on_interaction&quot;:&quot;yes&quot;,&quot;autoplay_speed&quot;:5000,&quot;infinite&quot;:&quot;yes&quot;,&quot;speed&quot;:500}\" data-widget_type=\"image-carousel.default\">\n\t\t\t\t\t\t\t<div class=\"elementor-image-carousel-wrapper swiper\" role=\"region\" aria-roledescription=\"carousel\" aria-label=\"Image Carousel\" dir=\"ltr\">\n\t\t\t<div class=\"elementor-image-carousel swiper-wrapper\" aria-live=\"off\">\n\t\t\t\t\t\t\t\t<div class=\"swiper-slide\" role=\"group\" aria-roledescription=\"slide\" aria-label=\"1 of 13\"><figure class=\"swiper-slide-inner\"><img decoding=\"async\" class=\"swiper-slide-image\" src=\"https:\/\/tuvat.fi\/wp-content\/uploads\/2026\/03\/IMG_8745-150x150.jpeg\" alt=\"Screenshot\" \/><\/figure><\/div><div class=\"swiper-slide\" role=\"group\" aria-roledescription=\"slide\" aria-label=\"2 of 13\"><figure class=\"swiper-slide-inner\"><img decoding=\"async\" class=\"swiper-slide-image\" src=\"https:\/\/tuvat.fi\/wp-content\/uploads\/2026\/03\/IMG_8720-150x150.jpeg\" alt=\"Screenshot\" \/><\/figure><\/div><div class=\"swiper-slide\" role=\"group\" aria-roledescription=\"slide\" aria-label=\"3 of 13\"><figure class=\"swiper-slide-inner\"><img decoding=\"async\" class=\"swiper-slide-image\" src=\"https:\/\/tuvat.fi\/wp-content\/uploads\/2026\/03\/IMG_8718-150x150.jpeg\" alt=\"Screenshot\" \/><\/figure><\/div><div class=\"swiper-slide\" role=\"group\" aria-roledescription=\"slide\" aria-label=\"4 of 13\"><figure class=\"swiper-slide-inner\"><img decoding=\"async\" class=\"swiper-slide-image\" src=\"https:\/\/tuvat.fi\/wp-content\/uploads\/2026\/03\/IMG_8738-150x150.jpeg\" alt=\"Screenshot\" \/><\/figure><\/div><div class=\"swiper-slide\" role=\"group\" aria-roledescription=\"slide\" aria-label=\"5 of 13\"><figure class=\"swiper-slide-inner\"><img decoding=\"async\" class=\"swiper-slide-image\" src=\"https:\/\/tuvat.fi\/wp-content\/uploads\/2026\/03\/IMG_8736-150x150.jpeg\" alt=\"Screenshot\" \/><\/figure><\/div><div class=\"swiper-slide\" role=\"group\" aria-roledescription=\"slide\" aria-label=\"6 of 13\"><figure class=\"swiper-slide-inner\"><img decoding=\"async\" class=\"swiper-slide-image\" src=\"https:\/\/tuvat.fi\/wp-content\/uploads\/2026\/03\/IMG_8729-150x150.jpeg\" alt=\"Screenshot\" \/><\/figure><\/div><div class=\"swiper-slide\" role=\"group\" aria-roledescription=\"slide\" aria-label=\"7 of 13\"><figure class=\"swiper-slide-inner\"><img decoding=\"async\" class=\"swiper-slide-image\" src=\"https:\/\/tuvat.fi\/wp-content\/uploads\/2026\/03\/IMG_8742-150x150.jpeg\" alt=\"IMG_8742\" \/><\/figure><\/div><div class=\"swiper-slide\" role=\"group\" aria-roledescription=\"slide\" aria-label=\"8 of 13\"><figure class=\"swiper-slide-inner\"><img decoding=\"async\" class=\"swiper-slide-image\" src=\"https:\/\/tuvat.fi\/wp-content\/uploads\/2026\/03\/IMG_8740-150x150.jpeg\" alt=\"IMG_8740\" \/><\/figure><\/div><div class=\"swiper-slide\" role=\"group\" aria-roledescription=\"slide\" aria-label=\"9 of 13\"><figure class=\"swiper-slide-inner\"><img decoding=\"async\" class=\"swiper-slide-image\" src=\"https:\/\/tuvat.fi\/wp-content\/uploads\/2026\/03\/IMG_8728-150x150.jpeg\" alt=\"Screenshot\" \/><\/figure><\/div><div class=\"swiper-slide\" role=\"group\" aria-roledescription=\"slide\" aria-label=\"10 of 13\"><figure class=\"swiper-slide-inner\"><img decoding=\"async\" class=\"swiper-slide-image\" src=\"https:\/\/tuvat.fi\/wp-content\/uploads\/2026\/03\/IMG_8727-150x150.jpeg\" alt=\"Screenshot\" \/><\/figure><\/div><div class=\"swiper-slide\" role=\"group\" aria-roledescription=\"slide\" aria-label=\"11 of 13\"><figure class=\"swiper-slide-inner\"><img decoding=\"async\" class=\"swiper-slide-image\" src=\"https:\/\/tuvat.fi\/wp-content\/uploads\/2026\/03\/IMG_8725-150x150.jpeg\" alt=\"Screenshot\" \/><\/figure><\/div><div class=\"swiper-slide\" role=\"group\" aria-roledescription=\"slide\" aria-label=\"12 of 13\"><figure class=\"swiper-slide-inner\"><img decoding=\"async\" class=\"swiper-slide-image\" src=\"https:\/\/tuvat.fi\/wp-content\/uploads\/2026\/03\/IMG_8723-150x150.jpeg\" alt=\"Screenshot\" \/><\/figure><\/div><div class=\"swiper-slide\" role=\"group\" aria-roledescription=\"slide\" aria-label=\"13 of 13\"><figure class=\"swiper-slide-inner\"><img decoding=\"async\" class=\"swiper-slide-image\" src=\"https:\/\/tuvat.fi\/wp-content\/uploads\/2026\/03\/IMG_8724-150x150.jpeg\" alt=\"Screenshot\" \/><\/figure><\/div>\t\t\t<\/div>\n\t\t\t\t\t\t\t\t\t\t\t\t<div class=\"elementor-swiper-button elementor-swiper-button-prev\" role=\"button\" tabindex=\"0\">\n\t\t\t\t\t\t<svg aria-hidden=\"true\" class=\"e-font-icon-svg e-eicon-chevron-left\" viewBox=\"0 0 1000 1000\" xmlns=\"http:\/\/www.w3.org\/2000\/svg\"><path d=\"M646 125C629 125 613 133 604 142L308 442C296 454 292 471 292 487 292 504 296 521 308 533L604 854C617 867 629 875 646 875 663 875 679 871 692 858 704 846 713 829 713 812 713 796 708 779 692 767L438 487 692 225C700 217 708 204 708 187 708 171 704 154 692 142 675 129 663 125 646 125Z\"><\/path><\/svg>\t\t\t\t\t<\/div>\n\t\t\t\t\t<div class=\"elementor-swiper-button elementor-swiper-button-next\" role=\"button\" tabindex=\"0\">\n\t\t\t\t\t\t<svg aria-hidden=\"true\" class=\"e-font-icon-svg e-eicon-chevron-right\" viewBox=\"0 0 1000 1000\" xmlns=\"http:\/\/www.w3.org\/2000\/svg\"><path d=\"M696 533C708 521 713 504 713 487 713 471 708 454 696 446L400 146C388 133 375 125 354 125 338 125 325 129 313 142 300 154 292 171 292 187 292 204 296 221 308 233L563 492 304 771C292 783 288 800 288 817 288 833 296 850 308 863 321 871 338 875 354 875 371 875 388 867 400 854L696 533Z\"><\/path><\/svg>\t\t\t\t\t<\/div>\n\t\t\t\t\n\t\t\t\t\t\t\t\t\t<div class=\"swiper-pagination\"><\/div>\n\t\t\t\t\t\t\t\t\t<\/div>\n\t\t\t\t\t\t<\/div>\n\t\t\t\t<\/div>\n\t\t<div class=\"elementor-element elementor-element-32e3183 e-flex e-con-boxed e-con e-parent\" data-id=\"32e3183\" data-element_type=\"container\" data-e-type=\"container\">\n\t\t\t\t\t<div class=\"e-con-inner\">\n\t\t<div class=\"elementor-element elementor-element-81ee980 e-con-full e-flex e-con e-child\" data-id=\"81ee980\" data-element_type=\"container\" data-e-type=\"container\">\n\t\t\t\t<div class=\"elementor-element elementor-element-1b44fa4 elementor-widget elementor-widget-heading\" data-id=\"1b44fa4\" data-element_type=\"widget\" data-e-type=\"widget\" data-widget_type=\"heading.default\">\n\t\t\t\t\t<h4 class=\"elementor-heading-title elementor-size-default\">Sijaiskoti Tuvat Oy <\/h4>\t\t\t\t<\/div>\n\t\t\t\t<div class=\"elementor-element elementor-element-bc465a2 elementor-widget elementor-widget-text-editor\" data-id=\"bc465a2\" data-element_type=\"widget\" data-e-type=\"widget\" data-widget_type=\"text-editor.default\">\n\t\t\t\t\t\t\t\t\t<p>Johtaja Merja Huttunen<br \/>Operatiivinen johto ja hallinto<br \/>P. 050 359 4322<br \/><a href=\"mailto:merja.huttunen@tuvat.fi\">merja.huttunen@tuvat.fi<\/a><br \/>Kaartokatu 7A, 70620 Kuopio<\/p>\t\t\t\t\t\t\t\t<\/div>\n\t\t\t\t<\/div>\n\t\t<div class=\"elementor-element elementor-element-473307c e-con-full e-flex e-con e-child\" data-id=\"473307c\" data-element_type=\"container\" data-e-type=\"container\">\n\t\t\t\t<div class=\"elementor-element elementor-element-e96d28f elementor-widget elementor-widget-heading\" data-id=\"e96d28f\" data-element_type=\"widget\" data-e-type=\"widget\" data-widget_type=\"heading.default\">\n\t\t\t\t\t<h4 class=\"elementor-heading-title elementor-size-default\">Alavan Tupa<\/h4>\t\t\t\t<\/div>\n\t\t\t\t<div class=\"elementor-element elementor-element-acc4b06 elementor-widget elementor-widget-text-editor\" data-id=\"acc4b06\" data-element_type=\"widget\" data-e-type=\"widget\" data-widget_type=\"text-editor.default\">\n\t\t\t\t\t\t\t\t\t<p class=\"xmsonormal\"><span style=\"font-family: 'Aptos',sans-serif;\">Yksik\u00f6n vastaava <br \/>Mika Hirvonen p. 044 245 7764<br \/><\/span><span style=\"font-family: 'Aptos',sans-serif;\">Ohjaajat p. 044 245 7763<br \/><\/span><span style=\"font-family: 'Aptos',sans-serif;\"><a href=\"mailto:alavanohjaajat@tuvat.fi\">alavanohjaajat@tuvat.fi<\/a><br \/><\/span>Kaartokatu 7A, 70620 Kuopio<\/p>\t\t\t\t\t\t\t\t<\/div>\n\t\t\t\t<\/div>\n\t\t<div class=\"elementor-element elementor-element-7aeb652 e-con-full e-flex e-con e-child\" data-id=\"7aeb652\" data-element_type=\"container\" data-e-type=\"container\">\n\t\t\t\t<div class=\"elementor-element elementor-element-42448d0 elementor-widget elementor-widget-heading\" data-id=\"42448d0\" data-element_type=\"widget\" data-e-type=\"widget\" data-widget_type=\"heading.default\">\n\t\t\t\t\t<h4 class=\"elementor-heading-title elementor-size-default\">Kettulan Tupa<\/h4>\t\t\t\t<\/div>\n\t\t\t\t<div class=\"elementor-element elementor-element-bbf9dc2 elementor-widget elementor-widget-text-editor\" data-id=\"bbf9dc2\" data-element_type=\"widget\" data-e-type=\"widget\" data-widget_type=\"text-editor.default\">\n\t\t\t\t\t\t\t\t\t<p><span style=\"font-family: 'Aptos',sans-serif;\">Yksik\u00f6n vastaava <br \/>Jaana Nissinen p.<\/span><span style=\"font-family: 'Aptos',sans-serif;\">\u00a0044 491 5759<br \/><\/span><span style=\"font-family: 'Aptos',sans-serif;\">Ohjaajat p. 040 618 4498<br \/><\/span><span style=\"font-family: 'Aptos',sans-serif;\"><a href=\"mailto:ohjaajat@tuvat.fi\">kettulanohjaajat@tuvat.fi<\/a><br \/><\/span>Kettulanlahdentie 41, 70400 Kuopio<\/p>\t\t\t\t\t\t\t\t<\/div>\n\t\t\t\t<\/div>\n\t\t\t\t\t<\/div>\n\t\t\t\t<\/div>\n\t\t<div class=\"elementor-element elementor-element-98d479e e-flex e-con-boxed e-con e-parent\" data-id=\"98d479e\" data-element_type=\"container\" data-e-type=\"container\">\n\t\t\t\t\t<div class=\"e-con-inner\">\n\t\t\t\t<div class=\"elementor-element elementor-element-1b6ea24 elementor-widget elementor-widget-text-editor\" data-id=\"1b6ea24\" data-element_type=\"widget\" data-e-type=\"widget\" data-widget_type=\"text-editor.default\">\n\t\t\t\t\t\t\t\t\t<p><a href=\"https:\/\/tuvat.fi\/wp-content\/uploads\/2026\/02\/omavalvonta.alava_.pdf\">omavalvonta.alava<\/a><\/p>\t\t\t\t\t\t\t\t<\/div>\n\t\t\t\t\t<\/div>\n\t\t\t\t<\/div>\n\t\t\t\t<\/div>\n\t\t","protected":false},"excerpt":{"rendered":"<p>Alavan Tupa \u00a0 Alavan Tupa on 7-paikkainen sijaishuollon yksikk\u00f6 7-17 vuotiaille lapsille ja nuorille. Toimitilana meill\u00e4 toimii historiallinen ja suojeltu Alavan sairaalan l\u00e4\u00e4k\u00e4riperheen kodinomainen virka-asunto, Alavan sairaalan tontilla. Meill\u00e4 on oma piha, jossa voi vaikka pomppia trampalla tai grillailla kes\u00e4isin maisematerassilla ilta-auringon paisteessa. \u00a0 Alavan Tupa on Kuopion keskustan v\u00e4litt\u00f6m\u00e4ss\u00e4 l\u00e4heisyydess\u00e4 ja k\u00e4velymatkan p\u00e4\u00e4ss\u00e4 monista [&hellip;]<\/p>\n","protected":false},"author":1,"featured_media":0,"parent":0,"menu_order":0,"comment_status":"closed","ping_status":"closed","template":"","meta":{"footnotes":""},"class_list":["post-111","page","type-page","status-publish","hentry"],"blocksy_meta":{"has_hero_section":"disabled","styles_descriptor":{"styles":{"desktop":"","tablet":"","mobile":""},"google_fonts":[],"version":6},"content_style_source":"inherit"},"_links":{"self":[{"href":"https:\/\/tuvat.fi\/index.php?rest_route=\/wp\/v2\/pages\/111","targetHints":{"allow":["GET"]}}],"collection":[{"href":"https:\/\/tuvat.fi\/index.php?rest_route=\/wp\/v2\/pages"}],"about":[{"href":"https:\/\/tuvat.fi\/index.php?rest_route=\/wp\/v2\/types\/page"}],"author":[{"embeddable":true,"href":"https:\/\/tuvat.fi\/index.php?rest_route=\/wp\/v2\/users\/1"}],"replies":[{"embeddable":true,"href":"https:\/\/tuvat.fi\/index.php?rest_route=%2Fwp%2Fv2%2Fcomments&post=111"}],"version-history":[{"count":31,"href":"https:\/\/tuvat.fi\/index.php?rest_route=\/wp\/v2\/pages\/111\/revisions"}],"predecessor-version":[{"id":236,"href":"https:\/\/tuvat.fi\/index.php?rest_route=\/wp\/v2\/pages\/111\/revisions\/236"}],"wp:attachment":[{"href":"https:\/\/tuvat.fi\/index.php?rest_route=%2Fwp%2Fv2%2Fmedia&parent=111"}],"curies":[{"name":"wp","href":"https:\/\/api.w.org\/{rel}","templated":true}]}}